{"id":4178,"date":"2018-03-22T05:32:47","date_gmt":"2018-03-22T05:32:47","guid":{"rendered":"http:\/\/www.megasis.com.mx\/home\/?page_id=4178"},"modified":"2023-05-17T03:53:07","modified_gmt":"2023-05-17T03:53:07","slug":"seguridad","status":"publish","type":"page","link":"https:\/\/www.megasis.com.mx\/home\/seguridad\/","title":{"rendered":"Seguridad"},"content":{"rendered":"<section class=\"l-section wpb_row us_custom_2c489c73 has_text_color height_huge with_img parallax_ver parallax_xpos_right\"><div class=\"l-section-img\" data-img-width=\"1600\" data-img-height=\"600\" style=\"background-image: url(https:\/\/www.megasis.com.mx\/home\/wp-content\/uploads\/2018\/03\/seguridad-banner-lq.jpg);background-position: top right;background-repeat: no-repeat;background-size: contain;\"><\/div><div class=\"l-section-h i-cf\"><div class=\"g-cols vc_row via_grid cols_2 laptops-cols_inherit tablets-cols_inherit mobiles-cols_1 valign_top type_default stacking_default\"><div class=\"wpb_column vc_column_container\"><div class=\"vc_column-inner\"><div class=\"wpb_text_column us_custom_c1d48d67\"><div class=\"wpb_wrapper\"><blockquote>\n<h1><strong>SEGURIDAD<\/strong><\/h1>\n<\/blockquote>\n<p><b>Descanse tranquilo sabiendo que su informaci\u00f3n se encuentra segura.<\/b><\/p>\n<\/div><\/div><\/div><\/div><div class=\"wpb_column vc_column_container\"><div class=\"vc_column-inner\"><\/div><\/div><\/div><\/div><\/section><section class=\"l-section wpb_row height_medium\"><div class=\"l-section-h i-cf\"><div class=\"g-cols vc_row via_grid cols_1 laptops-cols_inherit tablets-cols_inherit mobiles-cols_1 valign_top type_default stacking_default\"><div class=\"wpb_column vc_column_container\"><div class=\"vc_column-inner\"><div class=\"g-cols wpb_row via_grid cols_2 laptops-cols_inherit tablets-cols_inherit mobiles-cols_1 valign_top type_default stacking_default\"><div class=\"wpb_column vc_column_container\"><div class=\"vc_column-inner\"><div class=\"wpb_text_column\"><div class=\"wpb_wrapper\"><h3>\u201cES IMPOSIBLE QUE LO IMPROBABLE JAM\u00c1S SUCEDA\u201d<\/h3>\n<p>&#8212; Emil Gumbel, Estadista Alem\u00e1n.<\/p>\n<\/div><\/div><\/div><\/div><div class=\"wpb_column vc_column_container\"><div class=\"vc_column-inner\"><div class=\"wpb_text_column\"><div class=\"wpb_wrapper\"><blockquote>\n<p>ES MEJOR PREVENIR QUE LAMENTAR. EL ROBO Y\/O PERDIDA DE INFORMACI\u00d3N PUEDE PONER EN RIESGO LA SALUD DE SU NEGOCIO.<\/p>\n<\/blockquote>\n<p>\u00bfCu\u00e1nto vale tu informaci\u00f3n?, d\u00edas, semanas, meses e incluso a\u00f1os de trabajo pueden estar expuestos y comprometidos en s\u00f3lo un instante, representando perdidas incalculables para tu organizaci\u00f3n. Por lo que para minimizar los riesgos te ofrecemos soluciones de seguridad con las mejores marcas del mercado en Antivirus Corporativos y Firewalls.<\/p>\n<\/div><\/div><\/div><\/div><\/div><\/div><\/div><div class=\"wpb_column vc_column_container\"><div class=\"vc_column-inner\"><div class=\"g-cols wpb_row via_grid cols_custom laptops-cols_inherit tablets-cols_inherit mobiles-cols_1 valign_top type_default stacking_default\" style=\"--custom-columns:6fr 3fr 3fr \"><div class=\"wpb_column vc_column_container\"><div class=\"vc_column-inner\"><div class=\"w-separator size_medium with_line width_default thick_1 style_solid color_border align_center\"><div class=\"w-separator-h\"><\/div><\/div><div class=\"wpb_text_column\"><div class=\"wpb_wrapper\"><h2>SOLUCIONES DE SEGURIDAD ROBUSTAS Y CONFIABLES<\/h2>\n<\/div><\/div><div class=\"wpb_text_column\"><div class=\"wpb_wrapper\"><p>No te expongas, invierte en soluciones que te permitan presevar la seguridad e integridad de tu informaci\u00f3n. Reduce el riesgo de desastres informaticos y minimiza sus efectos contando con nuestras soluciones de seguridad.<\/p>\n<\/div><\/div><div class=\"w-separator size_custom\" style=\"height:32px\"><\/div><\/div><\/div><div class=\"wpb_column vc_column_container\"><div class=\"vc_column-inner\"><div class=\"ult_pricing_table_wrap ult_info_table ult_design_4  ult-cs-red  \">\n\t\t\t\t\t<div class=\"ult_pricing_table \" style=\" \"><div id=\"Info-table-wrap-2947\" class=\"ult_pricing_heading\">\n\t\t\t\t\t\t\t<h3 class=\"ult-responsive\"  data-ultimate-target='#Info-table-wrap-2947 h3'  data-responsive-json-new='{\"font-size\":\"\",\"line-height\":\"\"}'  style=\"font-weight:normal;\">ANTIVIRUS<\/h3><\/div><!--ult_pricing_heading--><div class=\"ult_price_body_block\">\n\t\t\t\t\t\t\t<div class=\"ult_price_body\">\n\t\t\t\t\t\t\t\t<div class=\"ult_price\">\n\t\t\t\t\t\t\t\t\t<div class=\"ult-just-icon-wrapper  \"><div class=\"align-icon\" style=\"text-align:center;\">\n<div class=\"aio-icon none \"  style=\"color:#333333;font-size:36px;display:inline-block;\">\n\t<i class=\"Defaults-shield\"><\/i>\n<\/div><\/div><\/div>\n\t\t\t\t\t\t\t\t<\/div>\n\t\t\t\t\t\t\t<\/div>\n\t\t\t\t\t\t<\/div><!--ult_price_body_block--><div id=\"info_table_features_wrap-8678\"  data-ultimate-target='#info_table_features_wrap-8678.ult_price_features'  data-responsive-json-new='{\"font-size\":\"\",\"line-height\":\"\"}'  class=\"ult-responsive ult_price_features\" style=\"font-weight:normal;\">\n\t\t\t\t\t\t\t<p>Soluciones de antivirus de grado empresarial. Proteja y administre la seguridad de sus equipos de manera simple. Evite perdidas de informaci\u00f3n asociadas al malware de hoy en d\u00eda. Contamos con soluciones de f\u00e1cil administraci\u00f3n y n\u00famerosas ventajas administrativas y de cumplimiento normativo.<\/p>\n\n\t\t\t\t\t\t<\/div><!--ult_price_features--><div class=\"ult_clr\"><\/div>\n\t\t\t<\/div><!--pricing_table-->\n\t\t<\/div><!--pricing_table_wrap--><\/div><\/div><div class=\"wpb_column vc_column_container\"><div class=\"vc_column-inner\"><div class=\"ult_pricing_table_wrap ult_info_table ult_design_4  ult-cs-red  \">\n\t\t\t\t\t<div class=\"ult_pricing_table \" style=\" \"><div id=\"Info-table-wrap-4894\" class=\"ult_pricing_heading\">\n\t\t\t\t\t\t\t<h3 class=\"ult-responsive\"  data-ultimate-target='#Info-table-wrap-4894 h3'  data-responsive-json-new='{\"font-size\":\"\",\"line-height\":\"\"}'  style=\"font-weight:normal;\">FIREWALLS<\/h3><\/div><!--ult_pricing_heading--><div class=\"ult_price_body_block\">\n\t\t\t\t\t\t\t<div class=\"ult_price_body\">\n\t\t\t\t\t\t\t\t<div class=\"ult_price\">\n\t\t\t\t\t\t\t\t\t<div class=\"ult-just-icon-wrapper  \"><div class=\"align-icon\" style=\"text-align:center;\">\n<div class=\"aio-icon none \"  style=\"color:#333333;font-size:36px;display:inline-block;\">\n\t<i class=\"Defaults-fire\"><\/i>\n<\/div><\/div><\/div>\n\t\t\t\t\t\t\t\t<\/div>\n\t\t\t\t\t\t\t<\/div>\n\t\t\t\t\t\t<\/div><!--ult_price_body_block--><div id=\"info_table_features_wrap-3877\"  data-ultimate-target='#info_table_features_wrap-3877.ult_price_features'  data-responsive-json-new='{\"font-size\":\"\",\"line-height\":\"\"}'  class=\"ult-responsive ult_price_features\" style=\"font-weight:normal;\">\n\t\t\t\t\t\t\t<p>Evite los accesos remotos no autorizados a su organizaci\u00f3n, mientras controla la salida de tr\u00e1fico de red al interior de su organizaci\u00f3n. Controle la informaci\u00f3n y su acceso.<\/p>\n\n\t\t\t\t\t\t<\/div><!--ult_price_features--><div class=\"ult_clr\"><\/div>\n\t\t\t<\/div><!--pricing_table-->\n\t\t<\/div><!--pricing_table_wrap--><\/div><\/div><\/div><\/div><\/div><div class=\"wpb_column vc_column_container\"><div class=\"vc_column-inner\"><div class=\"g-cols wpb_row via_grid cols_custom laptops-cols_inherit tablets-cols_inherit mobiles-cols_1 valign_top type_default stacking_default\" style=\"--custom-columns:6fr 3fr 3fr \"><div class=\"wpb_column vc_column_container\"><div class=\"vc_column-inner\"><div class=\"w-separator size_medium with_line width_default thick_1 style_solid color_border align_center\"><div class=\"w-separator-h\"><\/div><\/div><div class=\"wpb_text_column\"><div class=\"wpb_wrapper\"><h2>BENEFICIOS<\/h2>\n<\/div><\/div><div class=\"w-separator size_custom\" style=\"height:32px\"><\/div><\/div><\/div><div class=\"wpb_column vc_column_container\"><div class=\"vc_column-inner\"><div class=\"smile_icon_list_wrap ult_info_list_container ult-adjust-bottom-margin  \"><ul class=\"smile_icon_list left hexagon\"><li class=\"icon_list_item\" style=\" font-size:72px;\"><div class=\"icon_list_icon\" data-animation=\"\" data-animation-delay=\"03\" style=\"font-size:24px;background:#dd3333;color:#ffffff;border-color:#dd3333;\"><i class=\"Defaults-check\" ><\/i><\/div><div class=\"icon_description\" id=\"Info-list-wrap-9583\" style=\"font-size:24px;\"><h3 class=\"ult-responsive info-list-heading\"  data-ultimate-target='#Info-list-wrap-9583 h3'  data-responsive-json-new='{\"font-size\":\"desktop:16px;\",\"line-height\":\"desktop:24px;\"}'  style=\"\">MAYOR TIEMPO OPERATIVO<\/h3><div class=\"icon_description_text ult-responsive\"  data-ultimate-target='#Info-list-wrap-9583 .icon_description_text'  data-responsive-json-new='{\"font-size\":\"desktop:13px;\",\"line-height\":\"desktop:18px;\"}'  style=\"\"><p>Al contar con soluciones de seguridad adecuados, evita retrabajos o perdida de contratos por perdida de informaci\u00f3n.<\/p>\n<\/div><\/div><div class=\"icon_list_connector\" data-animation=\"fadeInUp\" data-animation-delay=\"03\" style=\"border-right-width: 1px;border-right-style: dashed;border-color: #333333;\"><\/div><\/li><li class=\"icon_list_item\" style=\" font-size:72px;\"><div class=\"icon_list_icon\" data-animation=\"\" data-animation-delay=\"03\" style=\"font-size:24px;background:#dd3333;color:#ffffff;border-color:#dd3333;\"><i class=\"Defaults-check\" ><\/i><\/div><div class=\"icon_description\" id=\"Info-list-wrap-2278\" style=\"font-size:24px;\"><h3 class=\"ult-responsive info-list-heading\"  data-ultimate-target='#Info-list-wrap-2278 h3'  data-responsive-json-new='{\"font-size\":\"desktop:16px;\",\"line-height\":\"desktop:24px;\"}'  style=\"\">SOLUCIONES ROBUSTAS<\/h3><div class=\"icon_description_text ult-responsive\"  data-ultimate-target='#Info-list-wrap-2278 .icon_description_text'  data-responsive-json-new='{\"font-size\":\"desktop:13px;\",\"line-height\":\"desktop:18px;\"}'  style=\"\"><p>S\u00f3lo ofrecemos soluciones de seguridad de grado empresarial, probadas y de alta confiabilidad.<\/p>\n<\/div><\/div><div class=\"icon_list_connector\" data-animation=\"fadeInUp\" data-animation-delay=\"03\" style=\"border-right-width: 1px;border-right-style: dashed;border-color: #333333;\"><\/div><\/li><li class=\"icon_list_item\" style=\" font-size:72px;\"><div class=\"icon_list_icon\" data-animation=\"\" data-animation-delay=\"03\" style=\"font-size:24px;background:#dd3333;color:#ffffff;border-color:#dd3333;\"><i class=\"Defaults-check\" ><\/i><\/div><div class=\"icon_description\" id=\"Info-list-wrap-4463\" style=\"font-size:24px;\"><h3 class=\"ult-responsive info-list-heading\"  data-ultimate-target='#Info-list-wrap-4463 h3'  data-responsive-json-new='{\"font-size\":\"desktop:16px;\",\"line-height\":\"desktop:24px;\"}'  style=\"\">SOLUCIONES A LA MEDIDA<\/h3><div class=\"icon_description_text ult-responsive\"  data-ultimate-target='#Info-list-wrap-4463 .icon_description_text'  data-responsive-json-new='{\"font-size\":\"desktop:13px;\",\"line-height\":\"desktop:18px;\"}'  style=\"\"><p>An\u00e1lizamos la situaci\u00f3n actual de su organizaci\u00f3n para recomendarle lo que realmente necesita.<\/p>\n<\/div><\/div><div class=\"icon_list_connector\" data-animation=\"fadeInUp\" data-animation-delay=\"03\" style=\"border-right-width: 1px;border-right-style: dashed;border-color: #333333;\"><\/div><\/li><\/ul><\/div><\/div><\/div><div class=\"wpb_column vc_column_container\"><div class=\"vc_column-inner\"><div class=\"smile_icon_list_wrap ult_info_list_container ult-adjust-bottom-margin  \"><ul class=\"smile_icon_list left hexagon\"><li class=\"icon_list_item\" style=\" font-size:72px;\"><div class=\"icon_list_icon\" data-animation=\"\" data-animation-delay=\"03\" style=\"font-size:24px;background:#dd3333;color:#ffffff;border-color:#dd3333;\"><i class=\"Defaults-check\" ><\/i><\/div><div class=\"icon_description\" id=\"Info-list-wrap-3500\" style=\"font-size:24px;\"><h3 class=\"ult-responsive info-list-heading\"  data-ultimate-target='#Info-list-wrap-3500 h3'  data-responsive-json-new='{\"font-size\":\"desktop:16px;\",\"line-height\":\"desktop:24px;\"}'  style=\"\">AHORRO<\/h3><div class=\"icon_description_text ult-responsive\"  data-ultimate-target='#Info-list-wrap-3500 .icon_description_text'  data-responsive-json-new='{\"font-size\":\"desktop:13px;\",\"line-height\":\"desktop:18px;\"}'  style=\"\"><p>Al ser distribuidores autorizados de la marca, ofrecemos el mejor precio.<\/p>\n<\/div><\/div><div class=\"icon_list_connector\" data-animation=\"fadeInUp\" data-animation-delay=\"03\" style=\"border-right-width: 1px;border-right-style: dashed;border-color: #333333;\"><\/div><\/li><li class=\"icon_list_item\" style=\" font-size:72px;\"><div class=\"icon_list_icon\" data-animation=\"\" data-animation-delay=\"03\" style=\"font-size:24px;background:#dd3333;color:#ffffff;border-color:#dd3333;\"><i class=\"Defaults-check\" ><\/i><\/div><div class=\"icon_description\" id=\"Info-list-wrap-9513\" style=\"font-size:24px;\"><h3 class=\"ult-responsive info-list-heading\"  data-ultimate-target='#Info-list-wrap-9513 h3'  data-responsive-json-new='{\"font-size\":\"desktop:16px;\",\"line-height\":\"desktop:24px;\"}'  style=\"\">CONSULTOR\u00cdA<\/h3><div class=\"icon_description_text ult-responsive\"  data-ultimate-target='#Info-list-wrap-9513 .icon_description_text'  data-responsive-json-new='{\"font-size\":\"desktop:13px;\",\"line-height\":\"desktop:18px;\"}'  style=\"\"><p>Lo asesoramos en soluciones que aumenten la productividad, reduzcan problemas y maximicen el retorno de inversi\u00f3n<\/p>\n<\/div><\/div><div class=\"icon_list_connector\" data-animation=\"fadeInUp\" data-animation-delay=\"03\" style=\"border-right-width: 1px;border-right-style: dashed;border-color: #333333;\"><\/div><\/li><li class=\"icon_list_item\" style=\" font-size:72px;\"><div class=\"icon_list_icon\" data-animation=\"\" data-animation-delay=\"03\" style=\"font-size:24px;background:#dd3333;color:#ffffff;border-color:#dd3333;\"><i class=\"Defaults-check\" ><\/i><\/div><div class=\"icon_description\" id=\"Info-list-wrap-6270\" style=\"font-size:24px;\"><h3 class=\"ult-responsive info-list-heading\"  data-ultimate-target='#Info-list-wrap-6270 h3'  data-responsive-json-new='{\"font-size\":\"desktop:16px;\",\"line-height\":\"desktop:24px;\"}'  style=\"\">TRANQUILIDAD<\/h3><div class=\"icon_description_text ult-responsive\"  data-ultimate-target='#Info-list-wrap-6270 .icon_description_text'  data-responsive-json-new='{\"font-size\":\"desktop:13px;\",\"line-height\":\"desktop:18px;\"}'  style=\"\"><p>Descanse tranquilo sabiendo que cuenta con una soluci\u00f3n que lo respalde en caso de que \u00abalgo salga mal\u00bb.<\/p>\n<\/div><\/div><div class=\"icon_list_connector\" data-animation=\"fadeInUp\" data-animation-delay=\"03\" style=\"border-right-width: 1px;border-right-style: dashed;border-color: #333333;\"><\/div><\/li><\/ul><\/div><\/div><\/div><\/div><\/div><\/div><\/div><\/div><\/section><section class=\"l-section wpb_row height_huge color_secondary with_img parallax_ver\"><div class=\"l-section-img\" data-img-width=\"1949\" data-img-height=\"770\" style=\"background-image: url(https:\/\/www.megasis.com.mx\/home\/wp-content\/uploads\/2017\/08\/bg_preguntas.jpg);\"><\/div><div class=\"l-section-h i-cf\"><div class=\"g-cols vc_row via_grid cols_1 laptops-cols_inherit tablets-cols_inherit mobiles-cols_1 valign_top type_default stacking_default\"><div class=\"wpb_column vc_column_container\"><div class=\"vc_column-inner\"><div class=\"w-actionbox us_custom_4076faf9 has_text_color color_light controls_right\"><div class=\"w-actionbox-text\"><h3 class=\"w-actionbox-title\" style=\"font-size:32px\">\u00bfQuieres saber m\u00e1s?<\/h3><div class=\"w-actionbox-description\"><p>Cont\u00e1ctanos, estamos para ayudarte.<\/p>\n<\/div><\/div><div class=\"w-actionbox-controls\"><a class=\"w-btn us-btn-style_1\" href=\"http:\/\/www.megasis.com.mx\/home\/contact\/\" style=\"font-size:18px;\"><span class=\"w-btn-label\">Contactanos<\/span><\/a><\/div><\/div><\/div><\/div><\/div><\/div><\/section>\n","protected":false},"excerpt":{"rendered":"SEGURIDAD Descanse tranquilo sabiendo que su informaci\u00f3n se encuentra segura. \u201cES IMPOSIBLE QUE LO IMPROBABLE JAM\u00c1S SUCEDA\u201d &#8212; Emil Gumbel, Estadista Alem\u00e1n. ES MEJOR PREVENIR QUE LAMENTAR. EL ROBO Y\/O PERDIDA DE INFORMACI\u00d3N PUEDE PONER EN RIESGO LA SALUD DE SU NEGOCIO. \u00bfCu\u00e1nto vale tu informaci\u00f3n?, d\u00edas, semanas, meses e incluso a\u00f1os de trabajo pueden...","protected":false},"author":1,"featured_media":0,"parent":0,"menu_order":0,"comment_status":"closed","ping_status":"closed","template":"","meta":[],"_links":{"self":[{"href":"https:\/\/www.megasis.com.mx\/home\/wp-json\/wp\/v2\/pages\/4178"}],"collection":[{"href":"https:\/\/www.megasis.com.mx\/home\/wp-json\/wp\/v2\/pages"}],"about":[{"href":"https:\/\/www.megasis.com.mx\/home\/wp-json\/wp\/v2\/types\/page"}],"author":[{"embeddable":true,"href":"https:\/\/www.megasis.com.mx\/home\/wp-json\/wp\/v2\/users\/1"}],"replies":[{"embeddable":true,"href":"https:\/\/www.megasis.com.mx\/home\/wp-json\/wp\/v2\/comments?post=4178"}],"version-history":[{"count":9,"href":"https:\/\/www.megasis.com.mx\/home\/wp-json\/wp\/v2\/pages\/4178\/revisions"}],"predecessor-version":[{"id":4463,"href":"https:\/\/www.megasis.com.mx\/home\/wp-json\/wp\/v2\/pages\/4178\/revisions\/4463"}],"wp:attachment":[{"href":"https:\/\/www.megasis.com.mx\/home\/wp-json\/wp\/v2\/media?parent=4178"}],"curies":[{"name":"wp","href":"https:\/\/api.w.org\/{rel}","templated":true}]}}