{"id":4071,"date":"2017-08-03T17:07:28","date_gmt":"2017-08-03T17:07:28","guid":{"rendered":"http:\/\/www.megasis.com.mx\/home\/?page_id=4071"},"modified":"2023-05-17T03:53:05","modified_gmt":"2023-05-17T03:53:05","slug":"comercializacion","status":"publish","type":"page","link":"https:\/\/www.megasis.com.mx\/home\/comercializacion\/","title":{"rendered":"Comercializaci\u00f3n"},"content":{"rendered":"<section class=\"l-section wpb_row us_custom_2c489c73 has_text_color height_huge with_img parallax_ver parallax_xpos_right\"><div class=\"l-section-img\" data-img-width=\"1600\" data-img-height=\"600\" style=\"background-image: url(https:\/\/www.megasis.com.mx\/home\/wp-content\/uploads\/2018\/03\/comercializacion-banner-lq.jpg);background-position: top right;background-repeat: no-repeat;background-size: contain;\"><\/div><div class=\"l-section-h i-cf\"><div class=\"g-cols vc_row via_grid cols_2 laptops-cols_inherit tablets-cols_inherit mobiles-cols_1 valign_top type_default stacking_default\"><div class=\"wpb_column vc_column_container\"><div class=\"vc_column-inner\"><div class=\"wpb_text_column us_custom_c1d48d67\"><div class=\"wpb_wrapper\"><blockquote>\n<h1><strong>COMERCIALIZACI\u00d3N<\/strong><\/h1>\n<\/blockquote>\n<p><b>Amplia comercializaci\u00f3n de productos y software. Le ayudamos a eficientar su cadena de suministro.<\/b><\/p>\n<\/div><\/div><\/div><\/div><div class=\"wpb_column vc_column_container\"><div class=\"vc_column-inner\"><\/div><\/div><\/div><\/div><\/section><section class=\"l-section wpb_row height_huge\"><div class=\"l-section-h i-cf\"><div class=\"g-cols vc_row via_grid cols_1 laptops-cols_inherit tablets-cols_inherit mobiles-cols_1 valign_top type_default stacking_default\"><div class=\"wpb_column vc_column_container\"><div class=\"vc_column-inner\"><div class=\"g-cols wpb_row via_grid cols_2 laptops-cols_inherit tablets-cols_inherit mobiles-cols_1 valign_top type_default stacking_default\"><div class=\"wpb_column vc_column_container\"><div class=\"vc_column-inner\"><div class=\"wpb_text_column\"><div class=\"wpb_wrapper\"><h3>\u00abPOR ALGUNA RAZ\u00d3N, LAS PERSONAS PRESTAN M\u00c1S ATENCI\u00d3N AL PRECIO QUE AL VALOR. EL PRECIO ES LO QUE SE PAGA, PERO EL VALOR ES LO QUE SE OBTIENE A CAMBIO\u00bb<\/h3>\n<p>&#8212; Warren Buffet, Inversionista y Empresario.<\/p>\n<\/div><\/div><\/div><\/div><div class=\"wpb_column vc_column_container\"><div class=\"vc_column-inner\"><div class=\"wpb_text_column\"><div class=\"wpb_wrapper\"><blockquote>\n<p>LO BARATO, SALE CARO. INVIERTA EN PRODUCTOS QUE REALMENTE RESUELVAN SUS PROBLEMAS Y NO QUE GENEREN M\u00c1S.<\/p>\n<\/blockquote>\n<p>Adquiera productos de marcas y caracter\u00edsticas adecuadas a sus necesidades, en tiempo y forma. Contamos con opciones de contratos que permitir\u00e1n eficientar sus operaciones de compras regulares al mismo tiempo que obtiene precios especiales, controla el gasto y reduce tiempos de adquisici\u00f3n.<\/p>\n<\/div><\/div><\/div><\/div><\/div><div class=\"g-cols wpb_row via_grid cols_1 laptops-cols_inherit tablets-cols_inherit mobiles-cols_1 valign_top type_default stacking_default\"><div class=\"wpb_column vc_column_container\"><div class=\"vc_column-inner\"><div class=\"w-separator size_medium with_line width_default thick_1 style_solid color_border align_center\"><div class=\"w-separator-h\"><\/div><\/div><div class=\"wpb_text_column\"><div class=\"wpb_wrapper\"><h2>COMERCIALIZACI\u00d3N DE PRODUCTOS<\/h2>\n<\/div><\/div><div class=\"wpb_text_column\"><div class=\"wpb_wrapper\"><p>Comercializamos una amplia pero selecta variedad de marcas, entre las que destacamos:<\/p>\n<\/div><\/div><div class=\"w-grid type_grid layout_4419 cols_6 valign_center no_gap\" id=\"us_grid_1\" data-filterable=\"true\"><style>@media (max-width:1380px){#us_grid_1 .w-grid-item{width:33.3333%}}@media (max-width:1024px){#us_grid_1 .w-grid-item{width:50%}}@media (max-width:600px){#us_grid_1 .w-grid-item{width:100%}}.layout_4419 .w-grid-item-h{}.layout_4419 .usg_post_image_1{border-radius:0.3rem!important;padding:2rem!important}<\/style><div class=\"w-grid-list\">\t<article class=\"w-grid-item post-4104 attachment type-attachment status-inherit hentry\" data-id=\"4104\">\r\n\t\t<div class=\"w-grid-item-h\">\r\n\t\t\t\t\t\t<div class=\"w-post-elm post_image usg_post_image_1\"><img width=\"300\" height=\"300\" src=\"https:\/\/www.megasis.com.mx\/home\/wp-content\/uploads\/2017\/08\/logo__0012_a-data-300x300.jpg\" class=\"attachment-medium size-medium\" alt=\"\" decoding=\"async\" loading=\"lazy\" srcset=\"https:\/\/www.megasis.com.mx\/home\/wp-content\/uploads\/2017\/08\/logo__0012_a-data-300x300.jpg 300w, https:\/\/www.megasis.com.mx\/home\/wp-content\/uploads\/2017\/08\/logo__0012_a-data-150x150.jpg 150w, https:\/\/www.megasis.com.mx\/home\/wp-content\/uploads\/2017\/08\/logo__0012_a-data-350x350.jpg 350w, https:\/\/www.megasis.com.mx\/home\/wp-content\/uploads\/2017\/08\/logo__0012_a-data.jpg 384w\" sizes=\"(max-width: 300px) 100vw, 300px\" \/><\/div>\t\t<\/div>\r\n\t<\/article>\r\n\t<article class=\"w-grid-item post-4103 attachment type-attachment status-inherit hentry\" data-id=\"4103\">\r\n\t\t<div class=\"w-grid-item-h\">\r\n\t\t\t\t\t\t<div class=\"w-post-elm post_image usg_post_image_1\"><img width=\"300\" height=\"300\" src=\"https:\/\/www.megasis.com.mx\/home\/wp-content\/uploads\/2017\/08\/logo__0011_apple-300x300.jpg\" class=\"attachment-medium size-medium\" alt=\"\" decoding=\"async\" loading=\"lazy\" srcset=\"https:\/\/www.megasis.com.mx\/home\/wp-content\/uploads\/2017\/08\/logo__0011_apple-300x300.jpg 300w, https:\/\/www.megasis.com.mx\/home\/wp-content\/uploads\/2017\/08\/logo__0011_apple-150x150.jpg 150w, https:\/\/www.megasis.com.mx\/home\/wp-content\/uploads\/2017\/08\/logo__0011_apple-350x350.jpg 350w, https:\/\/www.megasis.com.mx\/home\/wp-content\/uploads\/2017\/08\/logo__0011_apple.jpg 384w\" sizes=\"(max-width: 300px) 100vw, 300px\" \/><\/div>\t\t<\/div>\r\n\t<\/article>\r\n\t<article class=\"w-grid-item post-4102 attachment type-attachment status-inherit hentry\" data-id=\"4102\">\r\n\t\t<div class=\"w-grid-item-h\">\r\n\t\t\t\t\t\t<div class=\"w-post-elm post_image usg_post_image_1\"><img width=\"300\" height=\"300\" src=\"https:\/\/www.megasis.com.mx\/home\/wp-content\/uploads\/2017\/08\/logo__0010_belden-300x300.jpg\" class=\"attachment-medium size-medium\" alt=\"\" decoding=\"async\" loading=\"lazy\" srcset=\"https:\/\/www.megasis.com.mx\/home\/wp-content\/uploads\/2017\/08\/logo__0010_belden-300x300.jpg 300w, https:\/\/www.megasis.com.mx\/home\/wp-content\/uploads\/2017\/08\/logo__0010_belden-150x150.jpg 150w, https:\/\/www.megasis.com.mx\/home\/wp-content\/uploads\/2017\/08\/logo__0010_belden-350x350.jpg 350w, https:\/\/www.megasis.com.mx\/home\/wp-content\/uploads\/2017\/08\/logo__0010_belden.jpg 384w\" sizes=\"(max-width: 300px) 100vw, 300px\" \/><\/div>\t\t<\/div>\r\n\t<\/article>\r\n\t<article class=\"w-grid-item post-4101 attachment type-attachment status-inherit hentry\" data-id=\"4101\">\r\n\t\t<div class=\"w-grid-item-h\">\r\n\t\t\t\t\t\t<div class=\"w-post-elm post_image usg_post_image_1\"><img width=\"300\" height=\"300\" src=\"https:\/\/www.megasis.com.mx\/home\/wp-content\/uploads\/2017\/08\/logo__0009_hewlett-packard-300x300.jpg\" class=\"attachment-medium size-medium\" alt=\"hp logo\" decoding=\"async\" loading=\"lazy\" srcset=\"https:\/\/www.megasis.com.mx\/home\/wp-content\/uploads\/2017\/08\/logo__0009_hewlett-packard-300x300.jpg 300w, https:\/\/www.megasis.com.mx\/home\/wp-content\/uploads\/2017\/08\/logo__0009_hewlett-packard-150x150.jpg 150w, https:\/\/www.megasis.com.mx\/home\/wp-content\/uploads\/2017\/08\/logo__0009_hewlett-packard-350x350.jpg 350w, https:\/\/www.megasis.com.mx\/home\/wp-content\/uploads\/2017\/08\/logo__0009_hewlett-packard.jpg 384w\" sizes=\"(max-width: 300px) 100vw, 300px\" \/><\/div>\t\t<\/div>\r\n\t<\/article>\r\n\t<article class=\"w-grid-item post-4099 attachment type-attachment status-inherit hentry\" data-id=\"4099\">\r\n\t\t<div class=\"w-grid-item-h\">\r\n\t\t\t\t\t\t<div class=\"w-post-elm post_image usg_post_image_1\"><img width=\"300\" height=\"300\" src=\"https:\/\/www.megasis.com.mx\/home\/wp-content\/uploads\/2017\/08\/logo__0007_isb_solabasic-300x300.jpg\" class=\"attachment-medium size-medium\" alt=\"\" decoding=\"async\" loading=\"lazy\" srcset=\"https:\/\/www.megasis.com.mx\/home\/wp-content\/uploads\/2017\/08\/logo__0007_isb_solabasic-300x300.jpg 300w, https:\/\/www.megasis.com.mx\/home\/wp-content\/uploads\/2017\/08\/logo__0007_isb_solabasic-150x150.jpg 150w, https:\/\/www.megasis.com.mx\/home\/wp-content\/uploads\/2017\/08\/logo__0007_isb_solabasic-350x350.jpg 350w, https:\/\/www.megasis.com.mx\/home\/wp-content\/uploads\/2017\/08\/logo__0007_isb_solabasic.jpg 384w\" sizes=\"(max-width: 300px) 100vw, 300px\" \/><\/div>\t\t<\/div>\r\n\t<\/article>\r\n\t<article class=\"w-grid-item post-4098 attachment type-attachment status-inherit hentry\" data-id=\"4098\">\r\n\t\t<div class=\"w-grid-item-h\">\r\n\t\t\t\t\t\t<div class=\"w-post-elm post_image usg_post_image_1\"><img width=\"300\" height=\"300\" src=\"https:\/\/www.megasis.com.mx\/home\/wp-content\/uploads\/2017\/08\/logo__0006_kaspersky_eps-300x300.jpg\" class=\"attachment-medium size-medium\" alt=\"\" decoding=\"async\" loading=\"lazy\" srcset=\"https:\/\/www.megasis.com.mx\/home\/wp-content\/uploads\/2017\/08\/logo__0006_kaspersky_eps-300x300.jpg 300w, https:\/\/www.megasis.com.mx\/home\/wp-content\/uploads\/2017\/08\/logo__0006_kaspersky_eps-150x150.jpg 150w, https:\/\/www.megasis.com.mx\/home\/wp-content\/uploads\/2017\/08\/logo__0006_kaspersky_eps-350x350.jpg 350w, https:\/\/www.megasis.com.mx\/home\/wp-content\/uploads\/2017\/08\/logo__0006_kaspersky_eps.jpg 384w\" sizes=\"(max-width: 300px) 100vw, 300px\" \/><\/div>\t\t<\/div>\r\n\t<\/article>\r\n\t<article class=\"w-grid-item post-4097 attachment type-attachment status-inherit hentry\" data-id=\"4097\">\r\n\t\t<div class=\"w-grid-item-h\">\r\n\t\t\t\t\t\t<div class=\"w-post-elm post_image usg_post_image_1\"><img width=\"300\" height=\"300\" src=\"https:\/\/www.megasis.com.mx\/home\/wp-content\/uploads\/2017\/08\/logo__0005_kingston-logo-300x300.jpg\" class=\"attachment-medium size-medium\" alt=\"\" decoding=\"async\" loading=\"lazy\" srcset=\"https:\/\/www.megasis.com.mx\/home\/wp-content\/uploads\/2017\/08\/logo__0005_kingston-logo-300x300.jpg 300w, https:\/\/www.megasis.com.mx\/home\/wp-content\/uploads\/2017\/08\/logo__0005_kingston-logo-150x150.jpg 150w, https:\/\/www.megasis.com.mx\/home\/wp-content\/uploads\/2017\/08\/logo__0005_kingston-logo-350x350.jpg 350w, https:\/\/www.megasis.com.mx\/home\/wp-content\/uploads\/2017\/08\/logo__0005_kingston-logo.jpg 384w\" sizes=\"(max-width: 300px) 100vw, 300px\" \/><\/div>\t\t<\/div>\r\n\t<\/article>\r\n\t<article class=\"w-grid-item post-4096 attachment type-attachment status-inherit hentry\" data-id=\"4096\">\r\n\t\t<div class=\"w-grid-item-h\">\r\n\t\t\t\t\t\t<div class=\"w-post-elm post_image usg_post_image_1\"><img width=\"300\" height=\"300\" src=\"https:\/\/www.megasis.com.mx\/home\/wp-content\/uploads\/2017\/08\/logo__0004_linksys-300x300.jpg\" class=\"attachment-medium size-medium\" alt=\"\" decoding=\"async\" loading=\"lazy\" srcset=\"https:\/\/www.megasis.com.mx\/home\/wp-content\/uploads\/2017\/08\/logo__0004_linksys-300x300.jpg 300w, https:\/\/www.megasis.com.mx\/home\/wp-content\/uploads\/2017\/08\/logo__0004_linksys-150x150.jpg 150w, https:\/\/www.megasis.com.mx\/home\/wp-content\/uploads\/2017\/08\/logo__0004_linksys-350x350.jpg 350w, https:\/\/www.megasis.com.mx\/home\/wp-content\/uploads\/2017\/08\/logo__0004_linksys.jpg 384w\" sizes=\"(max-width: 300px) 100vw, 300px\" \/><\/div>\t\t<\/div>\r\n\t<\/article>\r\n\t<article class=\"w-grid-item post-4095 attachment type-attachment status-inherit hentry\" data-id=\"4095\">\r\n\t\t<div class=\"w-grid-item-h\">\r\n\t\t\t\t\t\t<div class=\"w-post-elm post_image usg_post_image_1\"><img width=\"300\" height=\"300\" src=\"https:\/\/www.megasis.com.mx\/home\/wp-content\/uploads\/2017\/08\/logo__0003_microsoft-300x300.jpg\" class=\"attachment-medium size-medium\" alt=\"\" decoding=\"async\" loading=\"lazy\" srcset=\"https:\/\/www.megasis.com.mx\/home\/wp-content\/uploads\/2017\/08\/logo__0003_microsoft-300x300.jpg 300w, https:\/\/www.megasis.com.mx\/home\/wp-content\/uploads\/2017\/08\/logo__0003_microsoft-150x150.jpg 150w, https:\/\/www.megasis.com.mx\/home\/wp-content\/uploads\/2017\/08\/logo__0003_microsoft-350x350.jpg 350w, https:\/\/www.megasis.com.mx\/home\/wp-content\/uploads\/2017\/08\/logo__0003_microsoft.jpg 384w\" sizes=\"(max-width: 300px) 100vw, 300px\" \/><\/div>\t\t<\/div>\r\n\t<\/article>\r\n\t<article class=\"w-grid-item post-4094 attachment type-attachment status-inherit hentry\" data-id=\"4094\">\r\n\t\t<div class=\"w-grid-item-h\">\r\n\t\t\t\t\t\t<div class=\"w-post-elm post_image usg_post_image_1\"><img width=\"300\" height=\"300\" src=\"https:\/\/www.megasis.com.mx\/home\/wp-content\/uploads\/2017\/08\/logo__0002_tp_link-300x300.jpg\" class=\"attachment-medium size-medium\" alt=\"\" decoding=\"async\" loading=\"lazy\" srcset=\"https:\/\/www.megasis.com.mx\/home\/wp-content\/uploads\/2017\/08\/logo__0002_tp_link-300x300.jpg 300w, https:\/\/www.megasis.com.mx\/home\/wp-content\/uploads\/2017\/08\/logo__0002_tp_link-150x150.jpg 150w, https:\/\/www.megasis.com.mx\/home\/wp-content\/uploads\/2017\/08\/logo__0002_tp_link-350x350.jpg 350w, https:\/\/www.megasis.com.mx\/home\/wp-content\/uploads\/2017\/08\/logo__0002_tp_link.jpg 384w\" sizes=\"(max-width: 300px) 100vw, 300px\" \/><\/div>\t\t<\/div>\r\n\t<\/article>\r\n\t<article class=\"w-grid-item post-4093 attachment type-attachment status-inherit hentry\" data-id=\"4093\">\r\n\t\t<div class=\"w-grid-item-h\">\r\n\t\t\t\t\t\t<div class=\"w-post-elm post_image usg_post_image_1\"><img width=\"300\" height=\"300\" src=\"https:\/\/www.megasis.com.mx\/home\/wp-content\/uploads\/2017\/08\/logo__0001_Logitech-300x300.jpg\" class=\"attachment-medium size-medium\" alt=\"\" decoding=\"async\" loading=\"lazy\" srcset=\"https:\/\/www.megasis.com.mx\/home\/wp-content\/uploads\/2017\/08\/logo__0001_Logitech-300x300.jpg 300w, https:\/\/www.megasis.com.mx\/home\/wp-content\/uploads\/2017\/08\/logo__0001_Logitech-150x150.jpg 150w, https:\/\/www.megasis.com.mx\/home\/wp-content\/uploads\/2017\/08\/logo__0001_Logitech-350x350.jpg 350w, https:\/\/www.megasis.com.mx\/home\/wp-content\/uploads\/2017\/08\/logo__0001_Logitech.jpg 384w\" sizes=\"(max-width: 300px) 100vw, 300px\" \/><\/div>\t\t<\/div>\r\n\t<\/article>\r\n\t<article class=\"w-grid-item post-4092 attachment type-attachment status-inherit hentry\" data-id=\"4092\">\r\n\t\t<div class=\"w-grid-item-h\">\r\n\t\t\t\t\t\t<div class=\"w-post-elm post_image usg_post_image_1\"><img width=\"300\" height=\"300\" src=\"https:\/\/www.megasis.com.mx\/home\/wp-content\/uploads\/2017\/08\/logo__0000_samsung-300x300.jpg\" class=\"attachment-medium size-medium\" alt=\"\" decoding=\"async\" loading=\"lazy\" srcset=\"https:\/\/www.megasis.com.mx\/home\/wp-content\/uploads\/2017\/08\/logo__0000_samsung-300x300.jpg 300w, https:\/\/www.megasis.com.mx\/home\/wp-content\/uploads\/2017\/08\/logo__0000_samsung-150x150.jpg 150w, https:\/\/www.megasis.com.mx\/home\/wp-content\/uploads\/2017\/08\/logo__0000_samsung-350x350.jpg 350w, https:\/\/www.megasis.com.mx\/home\/wp-content\/uploads\/2017\/08\/logo__0000_samsung.jpg 384w\" sizes=\"(max-width: 300px) 100vw, 300px\" \/><\/div>\t\t<\/div>\r\n\t<\/article>\r\n<\/div><div class=\"w-grid-preloader\"><div class=\"g-preloader type_3\">\r\n\t<div><\/div>\r\n<\/div>\r\n<\/div>\t<div class=\"w-grid-json hidden\" onclick='return {&quot;action&quot;:&quot;us_ajax_grid&quot;,&quot;ajax_url&quot;:&quot;https:\\\/\\\/www.megasis.com.mx\\\/home\\\/wp-admin\\\/admin-ajax.php&quot;,&quot;infinite_scroll&quot;:0,&quot;max_num_pages&quot;:1,&quot;pagination&quot;:&quot;none&quot;,&quot;permalink_url&quot;:&quot;https:\\\/\\\/www.megasis.com.mx\\\/home\\\/wp-json\\\/wp\\\/v2\\\/pages\\\/4071&quot;,&quot;template_vars&quot;:{&quot;columns&quot;:&quot;6&quot;,&quot;exclude_items&quot;:&quot;none&quot;,&quot;img_size&quot;:&quot;medium&quot;,&quot;ignore_items_size&quot;:0,&quot;items_layout&quot;:&quot;4419&quot;,&quot;items_offset&quot;:&quot;1&quot;,&quot;load_animation&quot;:&quot;none&quot;,&quot;overriding_link&quot;:&quot;none&quot;,&quot;post_id&quot;:0,&quot;query_args&quot;:{&quot;post_type&quot;:[&quot;attachment&quot;],&quot;post__in&quot;:[&quot;4101&quot;,&quot;4095&quot;,&quot;4098&quot;,&quot;4102&quot;,&quot;4104&quot;,&quot;4103&quot;,&quot;4099&quot;,&quot;4092&quot;,&quot;4093&quot;,&quot;4094&quot;,&quot;4097&quot;,&quot;4096&quot;],&quot;post_status&quot;:&quot;inherit&quot;,&quot;post_mime_type&quot;:&quot;image&quot;,&quot;posts_per_page&quot;:999},&quot;orderby_query_args&quot;:{&quot;orderby&quot;:{&quot;date&quot;:&quot;DESC&quot;}},&quot;type&quot;:&quot;grid&quot;,&quot;us_grid_ajax_index&quot;:1,&quot;us_grid_filter_params&quot;:null,&quot;us_grid_index&quot;:1,&quot;_us_grid_post_type&quot;:&quot;attachment&quot;,&quot;page_args&quot;:[]}}'><\/div>\r\n\t<\/div><div class=\"w-separator size_medium with_line width_default thick_1 style_solid color_border align_center\"><div class=\"w-separator-h\"><\/div><\/div><\/div><\/div><\/div><\/div><\/div><div class=\"wpb_column vc_column_container\"><div class=\"vc_column-inner\"><div class=\"g-cols wpb_row via_grid cols_1 laptops-cols_inherit tablets-cols_inherit mobiles-cols_1 valign_top type_default stacking_default\"><div class=\"wpb_column vc_column_container\"><div class=\"vc_column-inner\"><div class=\"wpb_text_column\"><div class=\"wpb_wrapper\"><h2>CONTRATOS<\/h2>\n<\/div><\/div><div class=\"wpb_text_column\"><div class=\"wpb_wrapper\"><p>Sabemos que un punto importante de ahorro y eficiencia se encuentra en la cadena de suministro de las organizaciones; que busca entregar el producto apropiado, en el lugar correcto y en el tiempo exacto, dentro del presupuesto y con el menor costo posible.<\/p>\n<p>Por favor contactanos, seguro podemos ofrecerte el contrato de servicios adecuado para tu organizaci\u00f3n.<\/p>\n<\/div><\/div><\/div><\/div><\/div><\/div><\/div><\/div><\/div><\/section><section class=\"l-section wpb_row height_huge color_secondary with_img parallax_ver\"><div class=\"l-section-img\" data-img-width=\"1949\" data-img-height=\"770\" style=\"background-image: url(https:\/\/www.megasis.com.mx\/home\/wp-content\/uploads\/2017\/08\/bg_preguntas.jpg);\"><\/div><div class=\"l-section-h i-cf\"><div class=\"g-cols vc_row via_grid cols_1 laptops-cols_inherit tablets-cols_inherit mobiles-cols_1 valign_top type_default stacking_default\"><div class=\"wpb_column vc_column_container\"><div class=\"vc_column-inner\"><div class=\"w-actionbox us_custom_4076faf9 has_text_color color_light controls_right\"><div class=\"w-actionbox-text\"><h3 class=\"w-actionbox-title\" style=\"font-size:32px\">\u00bfQuieres saber m\u00e1s?<\/h3><div class=\"w-actionbox-description\"><p>Cont\u00e1ctanos, estamos para ayudarte.<\/p>\n<\/div><\/div><div class=\"w-actionbox-controls\"><a class=\"w-btn us-btn-style_1\" href=\"http:\/\/www.megasis.com.mx\/home\/contact\/\" style=\"font-size:18px;\"><span class=\"w-btn-label\">Contactanos<\/span><\/a><\/div><\/div><\/div><\/div><\/div><\/div><\/section>\n","protected":false},"excerpt":{"rendered":"","protected":false},"author":1,"featured_media":0,"parent":0,"menu_order":0,"comment_status":"closed","ping_status":"closed","template":"","meta":[],"_links":{"self":[{"href":"https:\/\/www.megasis.com.mx\/home\/wp-json\/wp\/v2\/pages\/4071"}],"collection":[{"href":"https:\/\/www.megasis.com.mx\/home\/wp-json\/wp\/v2\/pages"}],"about":[{"href":"https:\/\/www.megasis.com.mx\/home\/wp-json\/wp\/v2\/types\/page"}],"author":[{"embeddable":true,"href":"https:\/\/www.megasis.com.mx\/home\/wp-json\/wp\/v2\/users\/1"}],"replies":[{"embeddable":true,"href":"https:\/\/www.megasis.com.mx\/home\/wp-json\/wp\/v2\/comments?post=4071"}],"version-history":[{"count":30,"href":"https:\/\/www.megasis.com.mx\/home\/wp-json\/wp\/v2\/pages\/4071\/revisions"}],"predecessor-version":[{"id":4459,"href":"https:\/\/www.megasis.com.mx\/home\/wp-json\/wp\/v2\/pages\/4071\/revisions\/4459"}],"wp:attachment":[{"href":"https:\/\/www.megasis.com.mx\/home\/wp-json\/wp\/v2\/media?parent=4071"}],"curies":[{"name":"wp","href":"https:\/\/api.w.org\/{rel}","templated":true}]}}