{"id":32,"date":"2015-06-09T14:43:10","date_gmt":"2015-06-09T14:43:10","guid":{"rendered":"http:\/\/impreza4.us-themes.com\/?page_id=32"},"modified":"2023-05-17T03:52:59","modified_gmt":"2023-05-17T03:52:59","slug":"contact","status":"publish","type":"page","link":"https:\/\/www.megasis.com.mx\/home\/contact\/","title":{"rendered":"Contacto"},"content":{"rendered":"<section class=\"l-section wpb_row height_huge color_secondary with_img\"><div class=\"l-section-img\" data-img-width=\"600\" data-img-height=\"400\" style=\"background-image: url(https:\/\/www.megasis.com.mx\/home\/wp-content\/uploads\/2018\/03\/visionmegasis-lq.jpg);background-repeat: no-repeat;\"><\/div><div class=\"l-section-h i-cf\"><div class=\"g-cols vc_row via_grid cols_2 laptops-cols_inherit tablets-cols_inherit mobiles-cols_1 valign_top type_default stacking_default\"><div class=\"wpb_column vc_column_container\"><div class=\"vc_column-inner\">[vc_custom_heading text=\u00bbComunicate con nosotros&#8230;\u00bb google_fonts=\u00bbfont_family:Roboto%3A100%2C100italic%2C300%2C300italic%2Cregular%2Citalic%2C500%2C500italic%2C700%2C700italic%2C900%2C900italic|font_style:400%20regular%3A400%3Anormal\u00bb]<form class=\"w-form  layout_ver for_cform us_form_1\" autocomplete=\"off\" action=\"https:\/\/www.megasis.com.mx\/home\/home\/wp-json\/wp\/v2\/pages\/32\" method=\"post\"><div class=\"w-form-h\"><div class=\"w-form-row for_text required with_icon\">\r\n\t\t<div class=\"w-form-row-field\">\r\n\t\t\t\t<i class=\"far fa-user\"><\/i>\t\t<input aria-label=\"Nombre\" type=\"text\" name=\"us_form_1_text_1\" value placeholder=\"Nombre *\" data-required=\"true\" aria-required=\"true\"\/>\r\n\t\t\t<\/div>\r\n\t\t<div class=\"w-form-row-state\">Rellena este campo<\/div>\r\n<\/div>\r\n<div class=\"w-form-row for_text required with_icon\">\r\n\t\t<div class=\"w-form-row-field\">\r\n\t\t\t\t<i class=\"far fa-envelope\"><\/i>\t\t<input aria-label=\"Correo electr\u00f3nico\" type=\"text\" name=\"us_form_1_text_2\" value placeholder=\"Correo electr\u00f3nico *\" data-required=\"true\" aria-required=\"true\"\/>\r\n\t\t\t<\/div>\r\n\t\t<div class=\"w-form-row-state\">Rellena este campo<\/div>\r\n<\/div>\r\n<div class=\"w-form-row for_textarea required with_icon\">\r\n\t\t<div class=\"w-form-row-field\">\r\n\t\t\t\t<i class=\"far fa-pencil\"><\/i>\t\t<textarea aria-label=\"Texto\" name=\"us_form_1_textarea_1\" placeholder=\"Texto *\" data-required=\"true\" aria-required=\"true\"><\/textarea>\r\n\t\t\t<\/div>\r\n\t\t<div class=\"w-form-row-state\">Rellena este campo<\/div>\r\n<\/div>\r\n<input type=\"hidden\" name=\"action\" value=\"us_ajax_cform\" \/>\r\n<input type=\"hidden\" name=\"post_id\" value=\"0\" \/>\r\n<input type=\"hidden\" name=\"form_index\" value=\"1\" \/>\r\n<div class=\"w-form-row for_submit  align_none\">\r\n\t<button class=\"w-btn  us-btn-style_1\" aria-label=\"Enviar\" type=\"submit\" style=\"font-size:15px;\">\r\n\t\t<span class=\"g-preloader type_1\"><\/span>\r\n\t\t\t\t<span class=\"w-btn-label\">Enviar<\/span>\r\n\t\t\t<\/button>\r\n\t<\/div>\r\n<\/div><div class=\"w-form-message\"><\/div><div class=\"w-form-json hidden\" onclick='return {&quot;ajaxurl&quot;:&quot;https:\\\/\\\/www.megasis.com.mx\\\/home\\\/wp-admin\\\/admin-ajax.php&quot;,&quot;messages&quot;:{&quot;err_empty&quot;:&quot;Rellena este campo&quot;,&quot;err_size&quot;:&quot;El tama\\u00f1o del archivo no puede exceder %s MB&quot;,&quot;err_extension&quot;:&quot;El tipo de archivo %s no est\\u00e1 permitido&quot;}}'><\/div><\/form><\/div><\/div><div class=\"wpb_column vc_column_container\"><div class=\"vc_column-inner\">[vc_custom_heading text=\u00bbNuestras Sucursales\u00bb google_fonts=\u00bbfont_family:Roboto%3A100%2C100italic%2C300%2C300italic%2Cregular%2Citalic%2C500%2C500italic%2C700%2C700italic%2C900%2C900italic|font_style:400%20regular%3A400%3Anormal\u00bb]<div class=\"wpb_text_column\"><div class=\"wpb_wrapper\"><h4>Megasis en Ciudad del Carmen, Campeche, MX.<\/h4>\n<\/div><\/div><div class=\"w-iconbox iconpos_left style_default color_custom align_left no_text\"><div class=\"w-iconbox-icon\" style=\"font-size:24px;--icon-color:#dd3333;\"><i class=\"fas fa-location-arrow\"><\/i><\/div><div class=\"w-iconbox-meta\"><div class=\"w-iconbox-title\">Calle 60 No. 5, entre 33-A y 35-B, Colonia F\u00e1tima. Ciudad del Carmen, Campeche, MX. C.P. 24110<\/div><\/div><\/div><div class=\"w-iconbox iconpos_left style_default color_primary align_left no_text\"><div class=\"w-iconbox-icon\" style=\"font-size:24px;\"><i class=\"fas fa-phone\"><\/i><\/div><div class=\"w-iconbox-meta\"><div class=\"w-iconbox-title\">(938) 384-12-15 y (938) 384-19-97<\/div><\/div><\/div><div class=\"w-iconbox iconpos_left style_default color_primary align_left no_text\"><div class=\"w-iconbox-icon\" style=\"font-size:24px;\"><i class=\"far fa-envelope\"><\/i><\/div><div class=\"w-iconbox-meta\"><div class=\"w-iconbox-title\">ventas@megasis.com.mx<\/div><\/div><\/div><div class=\"w-separator size_medium\"><\/div><div class=\"wpb_text_column\"><div class=\"wpb_wrapper\"><h4>Megasis en M\u00e9rida, Yucat\u00e1n, MX.<\/h4>\n<\/div><\/div><div class=\"w-iconbox iconpos_left style_default color_custom align_left no_text\"><div class=\"w-iconbox-icon\" style=\"font-size:24px;--icon-color:#dd3333;\"><i class=\"fas fa-location-arrow\"><\/i><\/div><div class=\"w-iconbox-meta\"><div class=\"w-iconbox-title\">Calle 16 No. 545 x 7 x 5 Fracc. Vista Alegre, M\u00e9rida, Yucat\u00e1n, MX. C.P 97138<\/div><\/div><\/div><div class=\"w-iconbox iconpos_left style_default color_primary align_left no_text\"><div class=\"w-iconbox-icon\" style=\"font-size:24px;\"><i class=\"fas fa-phone\"><\/i><\/div><div class=\"w-iconbox-meta\"><div class=\"w-iconbox-title\"> (999) 431-16-03<\/div><\/div><\/div><div class=\"w-iconbox iconpos_left style_default color_primary align_left no_text\"><div class=\"w-iconbox-icon\" style=\"font-size:24px;\"><i class=\"far fa-envelope\"><\/i><\/div><div class=\"w-iconbox-meta\"><div class=\"w-iconbox-title\">administracion.md@megasis.com.mx<\/div><\/div><\/div><\/div><\/div><\/div><\/div><\/section><section class=\"l-section wpb_row height_auto width_full color_secondary\"><div class=\"l-section-h i-cf\"><div class=\"g-cols vc_row via_grid cols_2 laptops-cols_inherit tablets-cols_inherit mobiles-cols_1 valign_top type_default stacking_default\"><div class=\"wpb_column vc_column_container\"><div class=\"vc_column-inner\"><div class=\"w-separator size_small\"><\/div><div class=\"wpb_text_column\"><div class=\"wpb_wrapper\"><p style=\"text-align: center;\"><strong>Ciudad del Carmen, Campeche, MX.<\/strong><\/p>\n<\/div><\/div><div class=\"w-map provider_google us_custom_f28d1e7b\" id=\"us_map_1\"><div class=\"w-map-inner\"><div class=\"w-map-json\" onclick='return {&quot;address&quot;:&quot;18.651610, -91.822537&quot;,&quot;disableDragging&quot;:0,&quot;disableZoom&quot;:1,&quot;hideControls&quot;:0,&quot;zoom&quot;:16,&quot;markers&quot;:[{&quot;address&quot;:&quot;18.651610, -91.822537&quot;,&quot;html&quot;:&quot;&lt;h6&gt;Megasis Ciudad del Carmen&lt;\\\/h6&gt;&lt;p&gt;\\u00a1Visitanos!&lt;\\\/p&gt;&quot;,&quot;infowindow&quot;:0}],&quot;maptype&quot;:&quot;ROADMAP&quot;}'><\/div><div class=\"w-map-style-json\" onclick='return [{\"featureType\":\"all\",\"elementType\":\"labels.text.fill\",\"stylers\":[{\"saturation\":36},{\"color\":\"#000000\"},{\"lightness\":40}]},{\"featureType\":\"all\",\"elementType\":\"labels.text.stroke\",\"stylers\":[{\"visibility\":\"on\"},{\"color\":\"#000000\"},{\"lightness\":16}]},{\"featureType\":\"all\",\"elementType\":\"labels.icon\",\"stylers\":[{\"visibility\":\"off\"}]},{\"featureType\":\"administrative\",\"elementType\":\"geometry.fill\",\"stylers\":[{\"color\":\"#000000\"},{\"lightness\":20}]},{\"featureType\":\"administrative\",\"elementType\":\"geometry.stroke\",\"stylers\":[{\"color\":\"#000000\"},{\"lightness\":17},{\"weight\":1.2}]},{\"featureType\":\"landscape\",\"elementType\":\"geometry\",\"stylers\":[{\"color\":\"#000000\"},{\"lightness\":20}]},{\"featureType\":\"poi\",\"elementType\":\"geometry\",\"stylers\":[{\"color\":\"#000000\"},{\"lightness\":21}]},{\"featureType\":\"road.highway\",\"elementType\":\"geometry.fill\",\"stylers\":[{\"color\":\"#000000\"},{\"lightness\":17}]},{\"featureType\":\"road.highway\",\"elementType\":\"geometry.stroke\",\"stylers\":[{\"color\":\"#000000\"},{\"lightness\":29},{\"weight\":0.2}]},{\"featureType\":\"road.arterial\",\"elementType\":\"geometry\",\"stylers\":[{\"color\":\"#000000\"},{\"lightness\":18}]},{\"featureType\":\"road.local\",\"elementType\":\"geometry\",\"stylers\":[{\"color\":\"#000000\"},{\"lightness\":16}]},{\"featureType\":\"transit\",\"elementType\":\"geometry\",\"stylers\":[{\"color\":\"#000000\"},{\"lightness\":19}]},{\"featureType\":\"water\",\"elementType\":\"geometry\",\"stylers\":[{\"color\":\"#000000\"},{\"lightness\":17}]}]'><\/div><\/div><\/div><\/div><\/div><div class=\"wpb_column vc_column_container\"><div class=\"vc_column-inner\"><div class=\"w-separator size_small\"><\/div><div class=\"wpb_text_column\"><div class=\"wpb_wrapper\"><p style=\"text-align: center;\"><strong>M\u00e9rida, Yucat\u00e1n, MX.<\/strong><\/p>\n<\/div><\/div><div class=\"w-map provider_google us_custom_f28d1e7b\" id=\"us_map_2\"><div class=\"w-map-inner\"><div class=\"w-map-json\" onclick='return {&quot;address&quot;:&quot;21.025346, -89.576669&quot;,&quot;disableDragging&quot;:0,&quot;disableZoom&quot;:1,&quot;hideControls&quot;:0,&quot;zoom&quot;:16,&quot;markers&quot;:[{&quot;address&quot;:&quot;21.025346, -89.576669&quot;,&quot;html&quot;:&quot;&lt;h6&gt;Megasis Ciudad del Carmen&lt;\\\/h6&gt;&lt;p&gt;\\u00a1Visitanos!&lt;\\\/p&gt;&quot;,&quot;infowindow&quot;:0}],&quot;maptype&quot;:&quot;ROADMAP&quot;}'><\/div><div class=\"w-map-style-json\" onclick='return [{\"featureType\":\"all\",\"elementType\":\"labels.text.fill\",\"stylers\":[{\"saturation\":36},{\"color\":\"#000000\"},{\"lightness\":40}]},{\"featureType\":\"all\",\"elementType\":\"labels.text.stroke\",\"stylers\":[{\"visibility\":\"on\"},{\"color\":\"#000000\"},{\"lightness\":16}]},{\"featureType\":\"all\",\"elementType\":\"labels.icon\",\"stylers\":[{\"visibility\":\"off\"}]},{\"featureType\":\"administrative\",\"elementType\":\"geometry.fill\",\"stylers\":[{\"color\":\"#000000\"},{\"lightness\":20}]},{\"featureType\":\"administrative\",\"elementType\":\"geometry.stroke\",\"stylers\":[{\"color\":\"#000000\"},{\"lightness\":17},{\"weight\":1.2}]},{\"featureType\":\"landscape\",\"elementType\":\"geometry\",\"stylers\":[{\"color\":\"#000000\"},{\"lightness\":20}]},{\"featureType\":\"poi\",\"elementType\":\"geometry\",\"stylers\":[{\"color\":\"#000000\"},{\"lightness\":21}]},{\"featureType\":\"road.highway\",\"elementType\":\"geometry.fill\",\"stylers\":[{\"color\":\"#000000\"},{\"lightness\":17}]},{\"featureType\":\"road.highway\",\"elementType\":\"geometry.stroke\",\"stylers\":[{\"color\":\"#000000\"},{\"lightness\":29},{\"weight\":0.2}]},{\"featureType\":\"road.arterial\",\"elementType\":\"geometry\",\"stylers\":[{\"color\":\"#000000\"},{\"lightness\":18}]},{\"featureType\":\"road.local\",\"elementType\":\"geometry\",\"stylers\":[{\"color\":\"#000000\"},{\"lightness\":16}]},{\"featureType\":\"transit\",\"elementType\":\"geometry\",\"stylers\":[{\"color\":\"#000000\"},{\"lightness\":19}]},{\"featureType\":\"water\",\"elementType\":\"geometry\",\"stylers\":[{\"color\":\"#000000\"},{\"lightness\":17}]}]'><\/div><\/div><\/div><\/div><\/div><\/div><\/div><\/section><!-- Row Backgrounds --><div class=\"upb_color\" data-bg-override=\"0\" data-bg-color=\"#292929\" data-fadeout=\"\" data-fadeout-percentage=\"30\" data-parallax-content=\"\" data-parallax-content-sense=\"30\" data-row-effect-mobile-disable=\"true\" data-img-parallax-mobile-disable=\"true\" data-rtl=\"false\"  data-custom-vc-row=\"\"  data-vc=\"6.10.0\"  data-is_old_vc=\"\"  data-theme-support=\"\"   data-overlay=\"false\" data-overlay-color=\"\" data-overlay-pattern=\"\" data-overlay-pattern-opacity=\"\" data-overlay-pattern-size=\"\"    ><\/div><section class=\"l-section wpb_row height_medium\"><div class=\"l-section-h i-cf\"><div class=\"g-cols vc_row via_grid cols_1 laptops-cols_inherit tablets-cols_inherit mobiles-cols_1 valign_top type_default stacking_default\"><div class=\"wpb_column vc_column_container\"><div class=\"vc_column-inner\"><\/div><\/div><\/div><\/div><\/section><!-- Row Backgrounds --><div class=\"upb_color\" data-bg-override=\"0\" data-bg-color=\"#292929\" data-fadeout=\"\" data-fadeout-percentage=\"30\" data-parallax-content=\"\" data-parallax-content-sense=\"30\" data-row-effect-mobile-disable=\"true\" data-img-parallax-mobile-disable=\"true\" data-rtl=\"false\"  data-custom-vc-row=\"\"  data-vc=\"6.10.0\"  data-is_old_vc=\"\"  data-theme-support=\"\"   data-overlay=\"false\" data-overlay-color=\"\" data-overlay-pattern=\"\" data-overlay-pattern-opacity=\"\" data-overlay-pattern-size=\"\"    ><\/div>\n","protected":false},"excerpt":{"rendered":"[vc_custom_heading text=\"Comunicate con nosotros...\" google_fonts=\"font_family:Roboto%3A100%2C100italic%2C300%2C300italic%2Cregular%2Citalic%2C500%2C500italic%2C700%2C700italic%2C900%2C900italic|font_style:400%20regular%3A400%3Anormal\"] Rellena este campo Rellena este campo Rellena este campo Enviar [vc_custom_heading text=\"Nuestras Sucursales\" google_fonts=\"font_family:Roboto%3A100%2C100italic%2C300%2C300italic%2Cregular%2Citalic%2C500%2C500italic%2C700%2C700italic%2C900%2C900italic|font_style:400%20regular%3A400%3Anormal\"]Megasis en Ciudad del Carmen, Campeche, MX. Calle 60 No. 5, entre 33-A y 35-B, Colonia F\u00e1tima. Ciudad del Carmen, Campeche, MX. C.P. 24110(938) 384-12-15 y (938) 384-19-97ventas@megasis.com.mxMegasis en M\u00e9rida, Yucat\u00e1n, MX. Calle 16 No. 545 x...","protected":false},"author":1,"featured_media":0,"parent":0,"menu_order":0,"comment_status":"closed","ping_status":"closed","template":"","meta":[],"_links":{"self":[{"href":"https:\/\/www.megasis.com.mx\/home\/wp-json\/wp\/v2\/pages\/32"}],"collection":[{"href":"https:\/\/www.megasis.com.mx\/home\/wp-json\/wp\/v2\/pages"}],"about":[{"href":"https:\/\/www.megasis.com.mx\/home\/wp-json\/wp\/v2\/types\/page"}],"author":[{"embeddable":true,"href":"https:\/\/www.megasis.com.mx\/home\/wp-json\/wp\/v2\/users\/1"}],"replies":[{"embeddable":true,"href":"https:\/\/www.megasis.com.mx\/home\/wp-json\/wp\/v2\/comments?post=32"}],"version-history":[{"count":16,"href":"https:\/\/www.megasis.com.mx\/home\/wp-json\/wp\/v2\/pages\/32\/revisions"}],"predecessor-version":[{"id":4432,"href":"https:\/\/www.megasis.com.mx\/home\/wp-json\/wp\/v2\/pages\/32\/revisions\/4432"}],"wp:attachment":[{"href":"https:\/\/www.megasis.com.mx\/home\/wp-json\/wp\/v2\/media?parent=32"}],"curies":[{"name":"wp","href":"https:\/\/api.w.org\/{rel}","templated":true}]}}