{"id":24,"date":"2015-06-09T14:42:13","date_gmt":"2015-06-09T14:42:13","guid":{"rendered":"http:\/\/impreza4.us-themes.com\/?page_id=24"},"modified":"2023-06-24T02:53:44","modified_gmt":"2023-06-24T02:53:44","slug":"nosotros","status":"publish","type":"page","link":"https:\/\/www.megasis.com.mx\/home\/nosotros\/","title":{"rendered":"Nosotros"},"content":{"rendered":"<section class=\"l-section wpb_row height_small color_alternate\"><div class=\"l-section-h i-cf\"><div class=\"g-cols vc_row via_grid cols_1 laptops-cols_inherit tablets-cols_inherit mobiles-cols_1 valign_top type_default stacking_default\"><div class=\"wpb_column vc_column_container\"><div class=\"vc_column-inner\"><div class=\"w-separator size_medium\"><\/div>[vc_custom_heading text=\u00bbHola, mucho gusto&#8230; s\u00f3mos Megasis\u00bb font_container=\u00bbtag:h1|font_size:70|text_align:center\u00bb google_fonts=\u00bbfont_family:Roboto%3A100%2C100italic%2C300%2C300italic%2Cregular%2Citalic%2C500%2C500italic%2C700%2C700italic%2C900%2C900italic|font_style:400%20regular%3A400%3Anormal\u00bb css=\u00bb%7B%22default%22%3A%7B%22font-size%22%3A%2270%22%7D%7D\u00bb]<\/div><\/div><\/div><\/div><\/section><section class=\"l-section wpb_row height_small color_alternate\"><div class=\"l-section-h i-cf\"><div class=\"g-cols vc_row via_grid cols_2 laptops-cols_inherit tablets-cols_inherit mobiles-cols_1 valign_middle type_boxes stacking_default\" style=\"grid-gap:0rem;\"><div class=\"wpb_column vc_column_container us_custom_dd81dd1e has_text_color has_bg_color\"><div class=\"vc_column-inner\">[vc_custom_heading text=\u00bbNosotros\u00bb font_container=\u00bbtag:h2|font_size:48|text_align:center|color:%23dd3333&#8243; google_fonts=\u00bbfont_family:Roboto%3A100%2C100italic%2C300%2C300italic%2Cregular%2Citalic%2C500%2C500italic%2C700%2C700italic%2C900%2C900italic|font_style:400%20regular%3A400%3Anormal\u00bb css=\u00bb%7B%22default%22%3A%7B%22color%22%3A%22%23dd3333%22%2C%22font-size%22%3A%2248%22%7D%7D\u00bb]<div class=\"w-separator size_medium with_line width_30 thick_1 style_solid color_border align_center with_content\"><div class=\"w-separator-h\"><i class=\"material-icons\">mood<\/i><\/div><\/div><div class=\"wpb_text_column\"><div class=\"wpb_wrapper\"><p>S\u00f3mos una empresa s\u00f3lida con m\u00e1s de 18 a\u00f1os de experiencia ofreciendo soluciones enfocadas en Tecnolog\u00edas de la Informaci\u00f3n y Comunicaci\u00f3n, as\u00ed como la comercializaci\u00f3n de productos y art\u00edculos de oficina.<\/p>\n<p>Te ofrecemos soluciones a la medida, respaldadas por profesionales apasionados con amplios conocimientos en el ramo y con trayectoria en el desarrollo de contratos.<\/p>\n<\/div><\/div><\/div><\/div><div class=\"wpb_column vc_column_container us_custom_87c12027 has_bg_color\"><div class=\"vc_column-inner\"><div class=\"w-separator size_custom\" style=\"height:200px\"><\/div><\/div><\/div><\/div><\/div><\/section><section class=\"l-section wpb_row height_small color_alternate\"><div class=\"l-section-h i-cf\"><div class=\"g-cols vc_row via_grid cols_2 laptops-cols_inherit tablets-cols_inherit mobiles-cols_1 valign_middle type_boxes stacking_default\" style=\"grid-gap:0rem;\"><div class=\"wpb_column vc_column_container us_custom_dd81dd1e has_text_color has_bg_color\"><div class=\"vc_column-inner\">[vc_custom_heading text=\u00bbMisi\u00f3n\u00bb font_container=\u00bbtag:h2|font_size:48|text_align:center|color:%23dd3333&#8243; google_fonts=\u00bbfont_family:Roboto%3A100%2C100italic%2C300%2C300italic%2Cregular%2Citalic%2C500%2C500italic%2C700%2C700italic%2C900%2C900italic|font_style:400%20regular%3A400%3Anormal\u00bb css=\u00bb%7B%22default%22%3A%7B%22color%22%3A%22%23dd3333%22%2C%22font-size%22%3A%2248%22%7D%7D\u00bb]<div class=\"w-separator size_medium with_line width_30 thick_1 style_solid color_border align_center with_content\"><div class=\"w-separator-h\"><i class=\"material-icons\">flag<\/i><\/div><\/div><div class=\"wpb_text_column\"><div class=\"wpb_wrapper\"><p>Nuestra <strong>MISI\u00d3N<\/strong> es lograr la satisfacci\u00f3n total de nuestros clientes a trav\u00e9s de soluciones tecnol\u00f3gicas innovadoras con calidad en los procesos y las soluciones que comercializamos, con la finalidad de contribuir a su desarrollo y estrategia de negocios, con un enfoque en la mejora continua y constante formaci\u00f3n de las personas que integran nuestro equipo, asegur\u00e1ndonos de garantizar la seguridad laboral mejorando las oportunidades de crecimiento.<\/p>\n<\/div><\/div><\/div><\/div><div class=\"wpb_column vc_column_container us_custom_0717d9be has_bg_color\"><div class=\"vc_column-inner\">[vc_custom_heading text=\u00bbVisi\u00f3n\u00bb font_container=\u00bbtag:h2|font_size:48|text_align:center|color:%23dd3333&#8243; google_fonts=\u00bbfont_family:Roboto%3A100%2C100italic%2C300%2C300italic%2Cregular%2Citalic%2C500%2C500italic%2C700%2C700italic%2C900%2C900italic|font_style:400%20regular%3A400%3Anormal\u00bb css=\u00bb%7B%22default%22%3A%7B%22color%22%3A%22%23dd3333%22%2C%22font-size%22%3A%2248%22%7D%7D\u00bb]<div class=\"w-separator size_medium with_line width_30 thick_1 style_solid color_border align_center with_content\"><div class=\"w-separator-h\"><i class=\"material-icons\">mood<\/i><\/div><\/div><div class=\"wpb_text_column\"><div class=\"wpb_wrapper\"><p>A trav\u00e9s de nuestra propia<strong> VISI\u00d3N<\/strong> enfocada en consolidarnos como una empresa l\u00edder a nivel regional con presencia en diversos estados, siendo altamente competitiva y de calidad en los productos y servicios que comercializamos, as\u00ed como convertirnos en una empresa rentable que asegure un buen nivel de vida de todo nuestro equipo de trabajo.<\/p>\n<\/div><\/div><\/div><\/div><\/div><\/div><\/section><section class=\"l-section wpb_row height_small color_alternate\"><div class=\"l-section-h i-cf\"><div class=\"g-cols vc_row via_grid cols_1 laptops-cols_inherit tablets-cols_inherit mobiles-cols_1 valign_middle type_boxes stacking_default\" style=\"grid-gap:0rem;\"><div class=\"wpb_column vc_column_container us_custom_dd81dd1e has_text_color has_bg_color\"><div class=\"vc_column-inner\">[vc_custom_heading text=\u00bbNuestros compromisos\u00bb font_container=\u00bbtag:h2|font_size:48|text_align:center|color:%23dd3333&#8243; google_fonts=\u00bbfont_family:Roboto%3A100%2C100italic%2C300%2C300italic%2Cregular%2Citalic%2C500%2C500italic%2C700%2C700italic%2C900%2C900italic|font_style:400%20regular%3A400%3Anormal\u00bb css=\u00bb%7B%22default%22%3A%7B%22color%22%3A%22%23dd3333%22%2C%22font-size%22%3A%2248%22%7D%7D\u00bb]<div class=\"w-separator size_medium with_line width_30 thick_1 style_solid color_border align_center with_content\"><div class=\"w-separator-h\"><i class=\"far fa-star\"><\/i><\/div><\/div><div class=\"g-cols wpb_row via_grid cols_4 laptops-cols_inherit tablets-cols_inherit mobiles-cols_1 valign_top type_default stacking_default\"><div class=\"wpb_column vc_column_container\"><div class=\"vc_column-inner\"><div class=\"w-iconbox compromisos iconpos_top style_outlined color_primary align_center\"><div class=\"w-iconbox-icon\" style=\"font-size:400%;\"><i class=\"material-icons\">star<\/i><\/div><div class=\"w-iconbox-meta\"><h4 class=\"w-iconbox-title\">SATISFACCI\u00d3N<\/h4><div class=\"w-iconbox-text\"><p>Nos importa (y mucho) que nuestros servicios sean una experiencia positiva para ti. Cu\u00e9ntanos tu historia, lo que representa el valor para ti, y nosotros nos hacemos cargo del resto.<\/p>\n<\/div><\/div><\/div><\/div><\/div><div class=\"wpb_column vc_column_container\"><div class=\"vc_column-inner\"><div class=\"w-iconbox compromisos iconpos_top style_outlined color_primary align_center\"><div class=\"w-iconbox-icon\" style=\"font-size:400%;\"><i class=\"material-icons\">mood<\/i><\/div><div class=\"w-iconbox-meta\"><h4 class=\"w-iconbox-title\">PERSONAS FELICES<\/h4><div class=\"w-iconbox-text\"><p>Cuidamos de nuestro personal para que ellos cuiden de ti. Promovemos un ambiente de trabajo sano, que permita el desarrollo de personas felices, comprometidas, con actitud positiva y mejora continua.<\/p>\n<\/div><\/div><\/div><\/div><\/div><div class=\"wpb_column vc_column_container\"><div class=\"vc_column-inner\"><div class=\"w-iconbox compromisos iconpos_top style_outlined color_primary align_center\"><div class=\"w-iconbox-icon\" style=\"font-size:400%;\"><i class=\"fas fa-flag\"><\/i><\/div><div class=\"w-iconbox-meta\"><h4 class=\"w-iconbox-title\">SIEMPRE A LA VANGUARDIA<\/h4><div class=\"w-iconbox-text\"><p>Los tiempos cambian, las soluciones y tecnolog\u00edas tambi\u00e9n. Entendemos que crecer y evolucionar es parte del ciclo natural. Siempre te ofreceremos soluciones de vanguardia.<\/p>\n<\/div><\/div><\/div><\/div><\/div><div class=\"wpb_column vc_column_container\"><div class=\"vc_column-inner\"><div class=\"w-iconbox compromisos iconpos_top style_outlined color_primary align_center\"><div class=\"w-iconbox-icon\" style=\"font-size:400%;\"><i class=\"fas fa-cogs\"><\/i><\/div><div class=\"w-iconbox-meta\"><h4 class=\"w-iconbox-title\">SOLUCIONES A LA MEDIDA<\/h4><div class=\"w-iconbox-text\"><p>Sabemos que personas y organizaciones diferentes requieren soluciones diferentes. Por lo que nos adaptamos a ti para ofrecerte lo que en verdad necesitas.<\/p>\n<\/div><\/div><\/div><\/div><\/div><\/div><\/div><\/div><\/div><\/div><\/section><section class=\"l-section wpb_row height_small color_alternate\"><div class=\"l-section-h i-cf\"><div class=\"g-cols vc_row via_grid cols_1 laptops-cols_inherit tablets-cols_inherit mobiles-cols_1 valign_middle type_boxes stacking_default\" style=\"grid-gap:0rem;\"><div class=\"wpb_column vc_column_container us_custom_dd81dd1e has_text_color has_bg_color\"><div class=\"vc_column-inner\">[vc_custom_heading text=\u00bb\u00bfPor qu\u00e9 hacer negocios con Megasis?\u00bb font_container=\u00bbtag:h2|font_size:48|text_align:center|color:%23dd3333&#8243; google_fonts=\u00bbfont_family:Roboto%3A100%2C100italic%2C300%2C300italic%2Cregular%2Citalic%2C500%2C500italic%2C700%2C700italic%2C900%2C900italic|font_style:400%20regular%3A400%3Anormal\u00bb css=\u00bb%7B%22default%22%3A%7B%22color%22%3A%22%23dd3333%22%2C%22font-size%22%3A%2248%22%7D%7D\u00bb]<div class=\"wpb_text_column\"><div class=\"wpb_wrapper\"><p>En Megasis S.A. de C.V. estamos orgullosos de proporcionar a nuestros clientes valor a trav\u00e9s de productos, soluciones y servicios hechos a la medida de sus necesidades reales; apoy\u00e1ndolos a lograr sus objetivos de negocio. De esta manera nos consolidamos como un verdadero aliado en su operaci\u00f3n:<\/p>\n<\/div><\/div><div class=\"w-separator size_medium with_line width_30 thick_1 style_solid color_border align_center with_content\"><div class=\"w-separator-h\"><i class=\"fas fa-check\"><\/i><\/div><\/div><div class=\"g-cols wpb_row via_grid cols_custom laptops-cols_inherit tablets-cols_inherit mobiles-cols_1 valign_top type_default stacking_default\" style=\"--custom-columns:3fr 3fr\"><div class=\"wpb_column vc_column_container\"><div class=\"vc_column-inner\"><div class=\"smile_icon_list_wrap ult_info_list_container ult-adjust-bottom-margin  \"><ul class=\"smile_icon_list left hexagon\"><\/ul><\/div><li class=\"icon_list_item\" style=\" font-size:72px;\"><div class=\"icon_list_icon\" data-animation=\"\" data-animation-delay=\"03\" style=\"font-size:24px;background:#dd3333;color:#ffffff;border-color:#dd3333;\"><i class=\"Defaults-check\" ><\/i><\/div><div class=\"icon_description\" id=\"Info-list-wrap-1827\" style=\"font-size:24px;\"><div class=\"icon_description_text ult-responsive\"  data-ultimate-target='#Info-list-wrap-1827 .icon_description_text'  data-responsive-json-new='{\"font-size\":\"desktop:13px;\",\"line-height\":\"desktop:18px;\"}'  style=\"\"><\/div><\/div><div class=\"icon_list_connector\" data-animation=\"fadeInUp\" data-animation-delay=\"03\" style=\"border-right-width: 1px;border-right-style: dashed;border-color: #333333;\"><\/div><\/li>Porque contamos con personal especializado a nivel t\u00e9cnico y administrativo para garantizar la calidad del servicio.<li class=\"icon_list_item\" style=\" font-size:72px;\"><div class=\"icon_list_icon\" data-animation=\"\" data-animation-delay=\"03\" style=\"font-size:24px;background:#dd3333;color:#ffffff;border-color:#dd3333;\"><i class=\"Defaults-check\" ><\/i><\/div><div class=\"icon_description\" id=\"Info-list-wrap-2615\" style=\"font-size:24px;\"><div class=\"icon_description_text ult-responsive\"  data-ultimate-target='#Info-list-wrap-2615 .icon_description_text'  data-responsive-json-new='{\"font-size\":\"desktop:13px;\",\"line-height\":\"desktop:18px;\"}'  style=\"\"><\/div><\/div><div class=\"icon_list_connector\" data-animation=\"fadeInUp\" data-animation-delay=\"03\" style=\"border-right-width: 1px;border-right-style: dashed;border-color: #333333;\"><\/div><\/li>Porque nuestras soluciones son de car\u00e1cter integral y buscan optimizar al m\u00e1ximo los recursos de su organizaci\u00f3n, generando ahorro y un mayor retorno de inversi\u00f3n (ROI).<li class=\"icon_list_item\" style=\" font-size:72px;\"><div class=\"icon_list_icon\" data-animation=\"\" data-animation-delay=\"03\" style=\"font-size:24px;background:#dd3333;color:#ffffff;border-color:#dd3333;\"><i class=\"Defaults-check\" ><\/i><\/div><div class=\"icon_description\" id=\"Info-list-wrap-6721\" style=\"font-size:24px;\"><div class=\"icon_description_text ult-responsive\"  data-ultimate-target='#Info-list-wrap-6721 .icon_description_text'  data-responsive-json-new='{\"font-size\":\"desktop:13px;\",\"line-height\":\"desktop:18px;\"}'  style=\"\"><\/div><\/div><div class=\"icon_list_connector\" data-animation=\"fadeInUp\" data-animation-delay=\"03\" style=\"border-right-width: 1px;border-right-style: dashed;border-color: #333333;\"><\/div><\/li>Porque evaluamos constantemente nuestras soluciones para mantenerlas competitivas y enfocadas en la satisfacci\u00f3n del cliente.<li class=\"icon_list_item\" style=\" font-size:72px;\"><div class=\"icon_list_icon\" data-animation=\"\" data-animation-delay=\"03\" style=\"font-size:24px;background:#dd3333;color:#ffffff;border-color:#dd3333;\"><i class=\"Defaults-check\" ><\/i><\/div><div class=\"icon_description\" id=\"Info-list-wrap-7975\" style=\"font-size:24px;\"><div class=\"icon_description_text ult-responsive\"  data-ultimate-target='#Info-list-wrap-7975 .icon_description_text'  data-responsive-json-new='{\"font-size\":\"desktop:13px;\",\"line-height\":\"desktop:18px;\"}'  style=\"\"><\/div><\/div><div class=\"icon_list_connector\" data-animation=\"fadeInUp\" data-animation-delay=\"03\" style=\"border-right-width: 1px;border-right-style: dashed;border-color: #333333;\"><\/div><\/li>Porque somos una empresa l\u00edder en el ramo de soluciones de tecnolog\u00eda y s\u00f3lida con m\u00e1s de 18 a\u00f1os de experiencia en el mercado.<\/div><\/div><div class=\"wpb_column vc_column_container\"><div class=\"vc_column-inner\"><div class=\"smile_icon_list_wrap ult_info_list_container ult-adjust-bottom-margin  \"><ul class=\"smile_icon_list left hexagon\"><\/ul><\/div><li class=\"icon_list_item\" style=\" font-size:72px;\"><div class=\"icon_list_icon\" data-animation=\"\" data-animation-delay=\"03\" style=\"font-size:24px;background:#dd3333;color:#ffffff;border-color:#dd3333;\"><i class=\"Defaults-check\" ><\/i><\/div><div class=\"icon_description\" id=\"Info-list-wrap-3665\" style=\"font-size:24px;\"><div class=\"icon_description_text ult-responsive\"  data-ultimate-target='#Info-list-wrap-3665 .icon_description_text'  data-responsive-json-new='{\"font-size\":\"desktop:13px;\",\"line-height\":\"desktop:18px;\"}'  style=\"\"><\/div><\/div><div class=\"icon_list_connector\" data-animation=\"fadeInUp\" data-animation-delay=\"03\" style=\"border-right-width: 1px;border-right-style: dashed;border-color: #333333;\"><\/div><\/li>Porque contamos con presencia regional con oficinas en M\u00e9rida, y Ciudad del Carmen, que nos permite brindar tiempos de respuesta r\u00e1pidos. Con miras hacia la expansi\u00f3n a m\u00e1s territorios de la Rep\u00fablica Mexicana.<li class=\"icon_list_item\" style=\" font-size:72px;\"><div class=\"icon_list_icon\" data-animation=\"\" data-animation-delay=\"03\" style=\"font-size:24px;background:#dd3333;color:#ffffff;border-color:#dd3333;\"><i class=\"Defaults-check\" ><\/i><\/div><div class=\"icon_description\" id=\"Info-list-wrap-3262\" style=\"font-size:24px;\"><div class=\"icon_description_text ult-responsive\"  data-ultimate-target='#Info-list-wrap-3262 .icon_description_text'  data-responsive-json-new='{\"font-size\":\"desktop:13px;\",\"line-height\":\"desktop:18px;\"}'  style=\"\"><\/div><\/div><div class=\"icon_list_connector\" data-animation=\"fadeInUp\" data-animation-delay=\"03\" style=\"border-right-width: 1px;border-right-style: dashed;border-color: #333333;\"><\/div><\/li>Porque somos distribuidores autorizados de las marcas que comercializamos, lo cual nos permite ofrecer propuestas de valor a precios realmente competitivos y con el respaldo directo del fabricante.<li class=\"icon_list_item\" style=\" font-size:72px;\"><div class=\"icon_list_icon\" data-animation=\"\" data-animation-delay=\"03\" style=\"font-size:24px;background:#dd3333;color:#ffffff;border-color:#dd3333;\"><i class=\"Defaults-check\" ><\/i><\/div><div class=\"icon_description\" id=\"Info-list-wrap-5627\" style=\"font-size:24px;\"><div class=\"icon_description_text ult-responsive\"  data-ultimate-target='#Info-list-wrap-5627 .icon_description_text'  data-responsive-json-new='{\"font-size\":\"desktop:13px;\",\"line-height\":\"desktop:18px;\"}'  style=\"\"><\/div><\/div><div class=\"icon_list_connector\" data-animation=\"fadeInUp\" data-animation-delay=\"03\" style=\"border-right-width: 1px;border-right-style: dashed;border-color: #333333;\"><\/div><\/li>Porque nos enfocamos en brindarle s\u00f3lo los productos y servicios que tengan sentido para su organizaci\u00f3n a trav\u00e9s de ventas consultivas que identifiquen los retos a los que enfrenta y poder ofrecerle la mejor soluci\u00f3n.<li class=\"icon_list_item\" style=\" font-size:72px;\"><div class=\"icon_list_icon\" data-animation=\"\" data-animation-delay=\"03\" style=\"font-size:24px;background:#dd3333;color:#ffffff;border-color:#dd3333;\"><i class=\"Defaults-check\" ><\/i><\/div><div class=\"icon_description\" id=\"Info-list-wrap-5008\" style=\"font-size:24px;\"><div class=\"icon_description_text ult-responsive\"  data-ultimate-target='#Info-list-wrap-5008 .icon_description_text'  data-responsive-json-new='{\"font-size\":\"desktop:13px;\",\"line-height\":\"desktop:18px;\"}'  style=\"\"><\/div><\/div><div class=\"icon_list_connector\" data-animation=\"fadeInUp\" data-animation-delay=\"03\" style=\"border-right-width: 1px;border-right-style: dashed;border-color: #333333;\"><\/div><\/li>Porque Megasis es l\u00edder en Servicios Administrados de Impresi\u00f3n en M\u00e9rida (Yucat\u00e1n) y en Cd. del Carmen (Campeche).<\/div><\/div><\/div><\/div><\/div><\/div><\/div><\/section>\n","protected":false},"excerpt":{"rendered":"[vc_custom_heading text=\"Hola, mucho gusto... s\u00f3mos Megasis\" font_container=\"tag:h1|font_size:70|text_align:center\" google_fonts=\"font_family:Roboto%3A100%2C100italic%2C300%2C300italic%2Cregular%2Citalic%2C500%2C500italic%2C700%2C700italic%2C900%2C900italic|font_style:400%20regular%3A400%3Anormal\" css=\"%7B%22default%22%3A%7B%22font-size%22%3A%2270%22%7D%7D\"][vc_custom_heading text=\"Nosotros\" font_container=\"tag:h2|font_size:48|text_align:center|color:%23dd3333\" google_fonts=\"font_family:Roboto%3A100%2C100italic%2C300%2C300italic%2Cregular%2Citalic%2C500%2C500italic%2C700%2C700italic%2C900%2C900italic|font_style:400%20regular%3A400%3Anormal\" css=\"%7B%22default%22%3A%7B%22color%22%3A%22%23dd3333%22%2C%22font-size%22%3A%2248%22%7D%7D\"]moodS\u00f3mos una empresa s\u00f3lida con m\u00e1s de 18 a\u00f1os de experiencia ofreciendo soluciones enfocadas en Tecnolog\u00edas de la Informaci\u00f3n y Comunicaci\u00f3n, as\u00ed como la comercializaci\u00f3n de productos y art\u00edculos de oficina. Te ofrecemos soluciones a la medida, respaldadas por profesionales apasionados con amplios...","protected":false},"author":1,"featured_media":0,"parent":0,"menu_order":0,"comment_status":"closed","ping_status":"closed","template":"","meta":[],"_links":{"self":[{"href":"https:\/\/www.megasis.com.mx\/home\/wp-json\/wp\/v2\/pages\/24"}],"collection":[{"href":"https:\/\/www.megasis.com.mx\/home\/wp-json\/wp\/v2\/pages"}],"about":[{"href":"https:\/\/www.megasis.com.mx\/home\/wp-json\/wp\/v2\/types\/page"}],"author":[{"embeddable":true,"href":"https:\/\/www.megasis.com.mx\/home\/wp-json\/wp\/v2\/users\/1"}],"replies":[{"embeddable":true,"href":"https:\/\/www.megasis.com.mx\/home\/wp-json\/wp\/v2\/comments?post=24"}],"version-history":[{"count":25,"href":"https:\/\/www.megasis.com.mx\/home\/wp-json\/wp\/v2\/pages\/24\/revisions"}],"predecessor-version":[{"id":4467,"href":"https:\/\/www.megasis.com.mx\/home\/wp-json\/wp\/v2\/pages\/24\/revisions\/4467"}],"wp:attachment":[{"href":"https:\/\/www.megasis.com.mx\/home\/wp-json\/wp\/v2\/media?parent=24"}],"curies":[{"name":"wp","href":"https:\/\/api.w.org\/{rel}","templated":true}]}}